{"id":99,"date":"2018-05-21T14:32:40","date_gmt":"2018-05-21T12:32:40","guid":{"rendered":"https:\/\/wp.verkehrswacht-wetteraukreis.de\/?page_id=99"},"modified":"2020-11-17T06:50:46","modified_gmt":"2020-11-17T05:50:46","slug":"kind-und-verkehr","status":"publish","type":"page","link":"https:\/\/www.verkehrswacht-wetteraukreis.de\/?page_id=99","title":{"rendered":"Kind und Verkehr"},"content":{"rendered":"<p>Dieses Programm l\u00e4uft schon seit Jahrzehnten mit Erfolg.<\/p>\n<p>Es wendet sich insbesondere an die Eltern der Kindergartenkinder. Jeder Kindergarten kann bei uns einen Moderator:in anfordern, der dann in einem Elternabend den Eltern deutlich machen wird, was Kinder in einem bestimmten Alter im Stra\u00dfenverkehr k\u00f6nnen und was nicht, was besonders seitens der Eltern bei den t\u00e4glichen Gefahrensituationen zu beachten ist.<\/p>\n<p>Kontaktieren sie uns. Wir vermitteln die passenden Moderator:innen<\/p>\n\n\n<figure class=\"wp-block-image size-large is-resized\"><img loading=\"lazy\" decoding=\"async\" src=\"https:\/\/www.verkehrswacht-wetteraukreis.de\/wp-content\/uploads\/2020\/11\/Strassenverkehr-Kinder-zwischen-Autos-sehen-erkennen-800x533-1.jpg\" alt=\"\" class=\"wp-image-392\" width=\"478\" height=\"318\" srcset=\"https:\/\/www.verkehrswacht-wetteraukreis.de\/wp-content\/uploads\/2020\/11\/Strassenverkehr-Kinder-zwischen-Autos-sehen-erkennen-800x533-1.jpg 800w, https:\/\/www.verkehrswacht-wetteraukreis.de\/wp-content\/uploads\/2020\/11\/Strassenverkehr-Kinder-zwischen-Autos-sehen-erkennen-800x533-1-300x200.jpg 300w, https:\/\/www.verkehrswacht-wetteraukreis.de\/wp-content\/uploads\/2020\/11\/Strassenverkehr-Kinder-zwischen-Autos-sehen-erkennen-800x533-1-768x512.jpg 768w\" sizes=\"auto, (max-width: 478px) 100vw, 478px\" \/><\/figure>\n","protected":false},"excerpt":{"rendered":"<p>Dieses Programm l\u00e4uft schon seit Jahrzehnten mit Erfolg. Es wendet sich insbesondere an die Eltern der Kindergartenkinder. Jeder Kindergarten kann bei uns einen Moderator:in anfordern, der dann in einem Elternabend den Eltern deutlich machen wird, was Kinder in einem bestimmten Alter im Stra\u00dfenverkehr k\u00f6nnen und was nicht, was besonders seitens der Eltern bei den t\u00e4glichen &hellip; <\/p>\n<p class=\"link-more\"><a href=\"https:\/\/www.verkehrswacht-wetteraukreis.de\/?page_id=99\" class=\"more-link\"><span class=\"screen-reader-text\">\u201eKind und Verkehr\u201c <\/span>weiterlesen<\/a><\/p>\n","protected":false},"author":1,"featured_media":0,"parent":0,"menu_order":0,"comment_status":"closed","ping_status":"closed","template":"","meta":{"_uag_custom_page_level_css":"","footnotes":""},"class_list":["post-99","page","type-page","status-publish","hentry"],"uagb_featured_image_src":{"full":false,"thumbnail":false,"medium":false,"medium_large":false,"large":false,"1536x1536":false,"2048x2048":false,"twentyseventeen-featured-image":false,"twentyseventeen-thumbnail-avatar":false},"uagb_author_info":{"display_name":"tnielandt","author_link":"https:\/\/www.verkehrswacht-wetteraukreis.de\/?author=1"},"uagb_comment_info":0,"uagb_excerpt":"Dieses Programm l\u00e4uft schon seit Jahrzehnten mit Erfolg. Es wendet sich insbesondere an die Eltern der Kindergartenkinder. Jeder Kindergarten kann bei uns einen Moderator:in anfordern, der dann in einem Elternabend den Eltern deutlich machen wird, was Kinder in einem bestimmten Alter im Stra\u00dfenverkehr k\u00f6nnen und was nicht, was besonders seitens der Eltern bei den t\u00e4glichen&hellip;","_links":{"self":[{"href":"https:\/\/www.verkehrswacht-wetteraukreis.de\/index.php?rest_route=\/wp\/v2\/pages\/99","targetHints":{"allow":["GET"]}}],"collection":[{"href":"https:\/\/www.verkehrswacht-wetteraukreis.de\/index.php?rest_route=\/wp\/v2\/pages"}],"about":[{"href":"https:\/\/www.verkehrswacht-wetteraukreis.de\/index.php?rest_route=\/wp\/v2\/types\/page"}],"author":[{"embeddable":true,"href":"https:\/\/www.verkehrswacht-wetteraukreis.de\/index.php?rest_route=\/wp\/v2\/users\/1"}],"replies":[{"embeddable":true,"href":"https:\/\/www.verkehrswacht-wetteraukreis.de\/index.php?rest_route=%2Fwp%2Fv2%2Fcomments&post=99"}],"version-history":[{"count":3,"href":"https:\/\/www.verkehrswacht-wetteraukreis.de\/index.php?rest_route=\/wp\/v2\/pages\/99\/revisions"}],"predecessor-version":[{"id":439,"href":"https:\/\/www.verkehrswacht-wetteraukreis.de\/index.php?rest_route=\/wp\/v2\/pages\/99\/revisions\/439"}],"wp:attachment":[{"href":"https:\/\/www.verkehrswacht-wetteraukreis.de\/index.php?rest_route=%2Fwp%2Fv2%2Fmedia&parent=99"}],"curies":[{"name":"wp","href":"https:\/\/api.w.org\/{rel}","templated":true}]}}