{"id":386,"date":"2020-11-16T14:21:32","date_gmt":"2020-11-16T13:21:32","guid":{"rendered":"https:\/\/www.verkehrswacht-wetteraukreis.de\/?page_id=386"},"modified":"2020-11-17T07:37:07","modified_gmt":"2020-11-17T06:37:07","slug":"fahrrad-rikscha","status":"publish","type":"page","link":"https:\/\/www.verkehrswacht-wetteraukreis.de\/?page_id=386","title":{"rendered":"Fahrrad-Rikscha"},"content":{"rendered":"\n<p>Mit Unterst\u00fctzung der Sparkassenstiftung, der OVAG und der Gemeinde Ranstadt konnten wir eine erste Fahrrad-Rikscha anschaffen. Sie ist in Ranstadt stationiert und soll der Verbesserung der&nbsp; Mobilit\u00e4t \u00e4lterer Mitmenschen dienen, die sich zu zweit von j\u00fcngeren Fahrer:innen fahren lassen.<\/p>\n\n\n\n<figure class=\"wp-block-image size-large is-resized\"><img loading=\"lazy\" decoding=\"async\" src=\"https:\/\/www.verkehrswacht-wetteraukreis.de\/wp-content\/uploads\/2020\/11\/Fahrrad-Rikscha.jpg\" alt=\"\" class=\"wp-image-436\" width=\"549\" height=\"411\" srcset=\"https:\/\/www.verkehrswacht-wetteraukreis.de\/wp-content\/uploads\/2020\/11\/Fahrrad-Rikscha.jpg 800w, https:\/\/www.verkehrswacht-wetteraukreis.de\/wp-content\/uploads\/2020\/11\/Fahrrad-Rikscha-300x225.jpg 300w, https:\/\/www.verkehrswacht-wetteraukreis.de\/wp-content\/uploads\/2020\/11\/Fahrrad-Rikscha-768x576.jpg 768w\" sizes=\"auto, (max-width: 549px) 100vw, 549px\" \/><figcaption>Verkehrswacht Wetteraukreis<\/figcaption><\/figure>\n","protected":false},"excerpt":{"rendered":"<p>Mit Unterst\u00fctzung der Sparkassenstiftung, der OVAG und der Gemeinde Ranstadt konnten wir eine erste Fahrrad-Rikscha anschaffen. Sie ist in Ranstadt stationiert und soll der Verbesserung der&nbsp; Mobilit\u00e4t \u00e4lterer Mitmenschen dienen, die sich zu zweit von j\u00fcngeren Fahrer:innen fahren lassen.<\/p>\n","protected":false},"author":4,"featured_media":0,"parent":0,"menu_order":0,"comment_status":"closed","ping_status":"closed","template":"","meta":{"_uag_custom_page_level_css":"","footnotes":""},"class_list":["post-386","page","type-page","status-publish","hentry"],"uagb_featured_image_src":{"full":false,"thumbnail":false,"medium":false,"medium_large":false,"large":false,"1536x1536":false,"2048x2048":false,"twentyseventeen-featured-image":false,"twentyseventeen-thumbnail-avatar":false},"uagb_author_info":{"display_name":"tnielandt","author_link":"https:\/\/www.verkehrswacht-wetteraukreis.de\/?author=4"},"uagb_comment_info":0,"uagb_excerpt":"Mit Unterst\u00fctzung der Sparkassenstiftung, der OVAG und der Gemeinde Ranstadt konnten wir eine erste Fahrrad-Rikscha anschaffen. Sie ist in Ranstadt stationiert und soll der Verbesserung der&nbsp; Mobilit\u00e4t \u00e4lterer Mitmenschen dienen, die sich zu zweit von j\u00fcngeren Fahrer:innen fahren lassen.","_links":{"self":[{"href":"https:\/\/www.verkehrswacht-wetteraukreis.de\/index.php?rest_route=\/wp\/v2\/pages\/386","targetHints":{"allow":["GET"]}}],"collection":[{"href":"https:\/\/www.verkehrswacht-wetteraukreis.de\/index.php?rest_route=\/wp\/v2\/pages"}],"about":[{"href":"https:\/\/www.verkehrswacht-wetteraukreis.de\/index.php?rest_route=\/wp\/v2\/types\/page"}],"author":[{"embeddable":true,"href":"https:\/\/www.verkehrswacht-wetteraukreis.de\/index.php?rest_route=\/wp\/v2\/users\/4"}],"replies":[{"embeddable":true,"href":"https:\/\/www.verkehrswacht-wetteraukreis.de\/index.php?rest_route=%2Fwp%2Fv2%2Fcomments&post=386"}],"version-history":[{"count":3,"href":"https:\/\/www.verkehrswacht-wetteraukreis.de\/index.php?rest_route=\/wp\/v2\/pages\/386\/revisions"}],"predecessor-version":[{"id":459,"href":"https:\/\/www.verkehrswacht-wetteraukreis.de\/index.php?rest_route=\/wp\/v2\/pages\/386\/revisions\/459"}],"wp:attachment":[{"href":"https:\/\/www.verkehrswacht-wetteraukreis.de\/index.php?rest_route=%2Fwp%2Fv2%2Fmedia&parent=386"}],"curies":[{"name":"wp","href":"https:\/\/api.w.org\/{rel}","templated":true}]}}