{"id":374,"date":"2020-11-16T14:14:16","date_gmt":"2020-11-16T13:14:16","guid":{"rendered":"https:\/\/www.verkehrswacht-wetteraukreis.de\/?page_id=374"},"modified":"2020-11-17T07:29:11","modified_gmt":"2020-11-17T06:29:11","slug":"9-weiterbildung-von-lehrerinnen","status":"publish","type":"page","link":"https:\/\/www.verkehrswacht-wetteraukreis.de\/?page_id=374","title":{"rendered":"Weiterbildung von Lehrer:innen"},"content":{"rendered":"\n<p>Mit Unterst\u00fctzung der Bikeschools werden vor allen Dingen Grundschullehrkr\u00e4fte so weitergebildet, dass sie ihre Sch\u00fcler:innen gut auf die Praxis in der Radfahrausbildung der 4. Klassen vorbereiten k\u00f6nnen, insbesondere geh\u00f6rt dazu: richtiges Bremsen und Schalten<\/p>\n\n\n\n<div class=\"wp-block-image\"><figure class=\"aligncenter size-large\"><img loading=\"lazy\" decoding=\"async\" width=\"400\" height=\"300\" src=\"https:\/\/www.verkehrswacht-wetteraukreis.de\/wp-content\/uploads\/2020\/11\/Grundschule-Medien-Radfahrausbildung-Verkehrserziehung-Mobilitaet.jpg\" alt=\"\" class=\"wp-image-421\" srcset=\"https:\/\/www.verkehrswacht-wetteraukreis.de\/wp-content\/uploads\/2020\/11\/Grundschule-Medien-Radfahrausbildung-Verkehrserziehung-Mobilitaet.jpg 400w, https:\/\/www.verkehrswacht-wetteraukreis.de\/wp-content\/uploads\/2020\/11\/Grundschule-Medien-Radfahrausbildung-Verkehrserziehung-Mobilitaet-300x225.jpg 300w\" sizes=\"auto, (max-width: 400px) 100vw, 400px\" \/><\/figure><\/div>\n","protected":false},"excerpt":{"rendered":"<p>Mit Unterst\u00fctzung der Bikeschools werden vor allen Dingen Grundschullehrkr\u00e4fte so weitergebildet, dass sie ihre Sch\u00fcler:innen gut auf die Praxis in der Radfahrausbildung der 4. Klassen vorbereiten k\u00f6nnen, insbesondere geh\u00f6rt dazu: richtiges Bremsen und Schalten<\/p>\n","protected":false},"author":4,"featured_media":0,"parent":0,"menu_order":0,"comment_status":"closed","ping_status":"closed","template":"","meta":{"_uag_custom_page_level_css":"","footnotes":""},"class_list":["post-374","page","type-page","status-publish","hentry"],"uagb_featured_image_src":{"full":false,"thumbnail":false,"medium":false,"medium_large":false,"large":false,"1536x1536":false,"2048x2048":false,"twentyseventeen-featured-image":false,"twentyseventeen-thumbnail-avatar":false},"uagb_author_info":{"display_name":"tnielandt","author_link":"https:\/\/www.verkehrswacht-wetteraukreis.de\/?author=4"},"uagb_comment_info":0,"uagb_excerpt":"Mit Unterst\u00fctzung der Bikeschools werden vor allen Dingen Grundschullehrkr\u00e4fte so weitergebildet, dass sie ihre Sch\u00fcler:innen gut auf die Praxis in der Radfahrausbildung der 4. Klassen vorbereiten k\u00f6nnen, insbesondere geh\u00f6rt dazu: richtiges Bremsen und Schalten","_links":{"self":[{"href":"https:\/\/www.verkehrswacht-wetteraukreis.de\/index.php?rest_route=\/wp\/v2\/pages\/374","targetHints":{"allow":["GET"]}}],"collection":[{"href":"https:\/\/www.verkehrswacht-wetteraukreis.de\/index.php?rest_route=\/wp\/v2\/pages"}],"about":[{"href":"https:\/\/www.verkehrswacht-wetteraukreis.de\/index.php?rest_route=\/wp\/v2\/types\/page"}],"author":[{"embeddable":true,"href":"https:\/\/www.verkehrswacht-wetteraukreis.de\/index.php?rest_route=\/wp\/v2\/users\/4"}],"replies":[{"embeddable":true,"href":"https:\/\/www.verkehrswacht-wetteraukreis.de\/index.php?rest_route=%2Fwp%2Fv2%2Fcomments&post=374"}],"version-history":[{"count":4,"href":"https:\/\/www.verkehrswacht-wetteraukreis.de\/index.php?rest_route=\/wp\/v2\/pages\/374\/revisions"}],"predecessor-version":[{"id":452,"href":"https:\/\/www.verkehrswacht-wetteraukreis.de\/index.php?rest_route=\/wp\/v2\/pages\/374\/revisions\/452"}],"wp:attachment":[{"href":"https:\/\/www.verkehrswacht-wetteraukreis.de\/index.php?rest_route=%2Fwp%2Fv2%2Fmedia&parent=374"}],"curies":[{"name":"wp","href":"https:\/\/api.w.org\/{rel}","templated":true}]}}