{"id":181,"date":"2018-05-21T15:49:30","date_gmt":"2018-05-21T13:49:30","guid":{"rendered":"https:\/\/wp.verkehrswacht-wetteraukreis.de\/?page_id=181"},"modified":"2020-11-17T06:47:19","modified_gmt":"2020-11-17T05:47:19","slug":"auszeichnung-bewaehrter-kraftfahrerinnen-und-kraftfahrer","status":"publish","type":"page","link":"https:\/\/www.verkehrswacht-wetteraukreis.de\/?page_id=181","title":{"rendered":"Auszeichnung bew\u00e4hrter Kraftfahrer:innen"},"content":{"rendered":"<p>Wer sich jahrzehntelang unbeanstandet im Stra\u00dfenverkehr bewegt und keinen Unfall schuldhaft verursacht hat, soll hierf\u00fcr auch belohnt werden. Die ist Ziel der Auszeichnung der Verkehrswacht unter der Schirmherrschaft des Bundesministers f\u00fcr Verkehr.<\/p>\n<p>Die Auszeichnung muss leider- selbst beantragt werden, da die Verkehrswacht eine Auskunft bei der Zentralkartei in Flensburg einholen muss, diese jedoch nur erteilt wird, wenn ein entsprechender Antrag vom F\u00fchrerscheininhaber selbst gestellt wird.<\/p>\n<p>Scheuen Sie sich nicht, trotzdem einen solchen Antrag auf Ehrung f\u00fcr 25, 40 oder gar 50 Jahre unfallfreies Fahren zu stellen. Rufen Sie uns an.<\/p>\n<p>Im Erfolgsfall wird die Auszeichnung in der Regel in einer Veranstaltung \u00fcbergeben.<\/p>\n\n\n<div class=\"wp-block-image\"><figure class=\"aligncenter size-large\"><img loading=\"lazy\" decoding=\"async\" width=\"299\" height=\"169\" src=\"https:\/\/www.verkehrswacht-wetteraukreis.de\/wp-content\/uploads\/2020\/11\/images.png\" alt=\"\" class=\"wp-image-340\"\/><\/figure><\/div>\n","protected":false},"excerpt":{"rendered":"<p>Wer sich jahrzehntelang unbeanstandet im Stra\u00dfenverkehr bewegt und keinen Unfall schuldhaft verursacht hat, soll hierf\u00fcr auch belohnt werden. Die ist Ziel der Auszeichnung der Verkehrswacht unter der Schirmherrschaft des Bundesministers f\u00fcr Verkehr. Die Auszeichnung muss leider- selbst beantragt werden, da die Verkehrswacht eine Auskunft bei der Zentralkartei in Flensburg einholen muss, diese jedoch nur erteilt &hellip; <\/p>\n<p class=\"link-more\"><a href=\"https:\/\/www.verkehrswacht-wetteraukreis.de\/?page_id=181\" class=\"more-link\"><span class=\"screen-reader-text\">\u201eAuszeichnung bew\u00e4hrter Kraftfahrer:innen\u201c <\/span>weiterlesen<\/a><\/p>\n","protected":false},"author":1,"featured_media":0,"parent":0,"menu_order":0,"comment_status":"closed","ping_status":"closed","template":"","meta":{"_uag_custom_page_level_css":"","footnotes":""},"class_list":["post-181","page","type-page","status-publish","hentry"],"uagb_featured_image_src":{"full":false,"thumbnail":false,"medium":false,"medium_large":false,"large":false,"1536x1536":false,"2048x2048":false,"twentyseventeen-featured-image":false,"twentyseventeen-thumbnail-avatar":false},"uagb_author_info":{"display_name":"tnielandt","author_link":"https:\/\/www.verkehrswacht-wetteraukreis.de\/?author=1"},"uagb_comment_info":0,"uagb_excerpt":"Wer sich jahrzehntelang unbeanstandet im Stra\u00dfenverkehr bewegt und keinen Unfall schuldhaft verursacht hat, soll hierf\u00fcr auch belohnt werden. Die ist Ziel der Auszeichnung der Verkehrswacht unter der Schirmherrschaft des Bundesministers f\u00fcr Verkehr. Die Auszeichnung muss leider- selbst beantragt werden, da die Verkehrswacht eine Auskunft bei der Zentralkartei in Flensburg einholen muss, diese jedoch nur erteilt&hellip;","_links":{"self":[{"href":"https:\/\/www.verkehrswacht-wetteraukreis.de\/index.php?rest_route=\/wp\/v2\/pages\/181","targetHints":{"allow":["GET"]}}],"collection":[{"href":"https:\/\/www.verkehrswacht-wetteraukreis.de\/index.php?rest_route=\/wp\/v2\/pages"}],"about":[{"href":"https:\/\/www.verkehrswacht-wetteraukreis.de\/index.php?rest_route=\/wp\/v2\/types\/page"}],"author":[{"embeddable":true,"href":"https:\/\/www.verkehrswacht-wetteraukreis.de\/index.php?rest_route=\/wp\/v2\/users\/1"}],"replies":[{"embeddable":true,"href":"https:\/\/www.verkehrswacht-wetteraukreis.de\/index.php?rest_route=%2Fwp%2Fv2%2Fcomments&post=181"}],"version-history":[{"count":4,"href":"https:\/\/www.verkehrswacht-wetteraukreis.de\/index.php?rest_route=\/wp\/v2\/pages\/181\/revisions"}],"predecessor-version":[{"id":438,"href":"https:\/\/www.verkehrswacht-wetteraukreis.de\/index.php?rest_route=\/wp\/v2\/pages\/181\/revisions\/438"}],"wp:attachment":[{"href":"https:\/\/www.verkehrswacht-wetteraukreis.de\/index.php?rest_route=%2Fwp%2Fv2%2Fmedia&parent=181"}],"curies":[{"name":"wp","href":"https:\/\/api.w.org\/{rel}","templated":true}]}}