{"id":18,"date":"2018-05-21T11:38:34","date_gmt":"2018-05-21T09:38:34","guid":{"rendered":"https:\/\/wp.verkehrswacht-wetteraukreis.de\/?page_id=18"},"modified":"2020-11-17T07:38:34","modified_gmt":"2020-11-17T06:38:34","slug":"ueber-mich","status":"publish","type":"page","link":"https:\/\/www.verkehrswacht-wetteraukreis.de\/?page_id=18","title":{"rendered":"\u00dcber uns"},"content":{"rendered":"<p>Die Verkehrswacht Wetteraukreis e.V. ist ein gemeinn\u00fctziger, beim Amtsgericht Friedberg eingetragener Verein.<\/p>\n<p>Mitglieder des Vereins sind neben Einzelpersonen und Firmen s\u00e4mtliche St\u00e4dte und Gemeinden des Wetteraukreises sowie der Wetteraukreis selbst.<\/p>\n<p>Der Jahresbeitrag als Mitglied der Verkehrswacht betr\u00e4gt f\u00fcr Privatpersonen \u20ac 20.<\/p>\n<p>Mitglieder erhalten kostenlos die bundesweite Zeitschrift \u201eMobil und Sicher\u201c.<\/p>\n<p>Sie erreichen uns telefonisch unter 06047-9535739, oder pers\u00f6nlich zu den B\u00fcrozeiten in der Stra\u00dfe \u201eAmBachstden 15\u201c in Altenstadt&nbsp; (Montag, Dienstag, Donnerstag und Freitag von 8.00 Uhr bis 16.00 Uhr, Mittwoch von 8.00 Uhr bis 12.30 Uhr) bzw. auch per Mail unter <a href=\"mailto:info@verkehrswacht-wetteraukreis.de\">info@verkehrswacht-wetteraukreis.de<\/a>\u201c<\/p>\n","protected":false},"excerpt":{"rendered":"<p>Die Verkehrswacht Wetteraukreis e.V. ist ein gemeinn\u00fctziger, beim Amtsgericht Friedberg eingetragener Verein. Mitglieder des Vereins sind neben Einzelpersonen und Firmen s\u00e4mtliche St\u00e4dte und Gemeinden des Wetteraukreises sowie der Wetteraukreis selbst. Der Jahresbeitrag als Mitglied der Verkehrswacht betr\u00e4gt f\u00fcr Privatpersonen \u20ac 20. Mitglieder erhalten kostenlos die bundesweite Zeitschrift \u201eMobil und Sicher\u201c. Sie erreichen uns telefonisch unter &hellip; <\/p>\n<p class=\"link-more\"><a href=\"https:\/\/www.verkehrswacht-wetteraukreis.de\/?page_id=18\" class=\"more-link\"><span class=\"screen-reader-text\">\u201e\u00dcber uns\u201c <\/span>weiterlesen<\/a><\/p>\n","protected":false},"author":1,"featured_media":71,"parent":0,"menu_order":0,"comment_status":"closed","ping_status":"closed","template":"","meta":{"_uag_custom_page_level_css":"","footnotes":""},"class_list":["post-18","page","type-page","status-publish","has-post-thumbnail","hentry"],"uagb_featured_image_src":{"full":["https:\/\/www.verkehrswacht-wetteraukreis.de\/wp-content\/uploads\/2018\/05\/cropped-web_index-1.jpg",2000,1200,false],"thumbnail":["https:\/\/www.verkehrswacht-wetteraukreis.de\/wp-content\/uploads\/2018\/05\/cropped-web_index-1-150x150.jpg",150,150,true],"medium":["https:\/\/www.verkehrswacht-wetteraukreis.de\/wp-content\/uploads\/2018\/05\/cropped-web_index-1-300x180.jpg",300,180,true],"medium_large":["https:\/\/www.verkehrswacht-wetteraukreis.de\/wp-content\/uploads\/2018\/05\/cropped-web_index-1-768x461.jpg",525,315,true],"large":["https:\/\/www.verkehrswacht-wetteraukreis.de\/wp-content\/uploads\/2018\/05\/cropped-web_index-1-1024x614.jpg",525,315,true],"1536x1536":["https:\/\/www.verkehrswacht-wetteraukreis.de\/wp-content\/uploads\/2018\/05\/cropped-web_index-1.jpg",1536,922,false],"2048x2048":["https:\/\/www.verkehrswacht-wetteraukreis.de\/wp-content\/uploads\/2018\/05\/cropped-web_index-1.jpg",2000,1200,false],"twentyseventeen-featured-image":["https:\/\/www.verkehrswacht-wetteraukreis.de\/wp-content\/uploads\/2018\/05\/cropped-web_index-1.jpg",2000,1200,false],"twentyseventeen-thumbnail-avatar":["https:\/\/www.verkehrswacht-wetteraukreis.de\/wp-content\/uploads\/2018\/05\/cropped-web_index-1-100x100.jpg",100,100,true]},"uagb_author_info":{"display_name":"tnielandt","author_link":"https:\/\/www.verkehrswacht-wetteraukreis.de\/?author=1"},"uagb_comment_info":0,"uagb_excerpt":"Die Verkehrswacht Wetteraukreis e.V. ist ein gemeinn\u00fctziger, beim Amtsgericht Friedberg eingetragener Verein. Mitglieder des Vereins sind neben Einzelpersonen und Firmen s\u00e4mtliche St\u00e4dte und Gemeinden des Wetteraukreises sowie der Wetteraukreis selbst. Der Jahresbeitrag als Mitglied der Verkehrswacht betr\u00e4gt f\u00fcr Privatpersonen \u20ac 20. Mitglieder erhalten kostenlos die bundesweite Zeitschrift \u201eMobil und Sicher\u201c. Sie erreichen uns telefonisch unter&hellip;","_links":{"self":[{"href":"https:\/\/www.verkehrswacht-wetteraukreis.de\/index.php?rest_route=\/wp\/v2\/pages\/18","targetHints":{"allow":["GET"]}}],"collection":[{"href":"https:\/\/www.verkehrswacht-wetteraukreis.de\/index.php?rest_route=\/wp\/v2\/pages"}],"about":[{"href":"https:\/\/www.verkehrswacht-wetteraukreis.de\/index.php?rest_route=\/wp\/v2\/types\/page"}],"author":[{"embeddable":true,"href":"https:\/\/www.verkehrswacht-wetteraukreis.de\/index.php?rest_route=\/wp\/v2\/users\/1"}],"replies":[{"embeddable":true,"href":"https:\/\/www.verkehrswacht-wetteraukreis.de\/index.php?rest_route=%2Fwp%2Fv2%2Fcomments&post=18"}],"version-history":[{"count":6,"href":"https:\/\/www.verkehrswacht-wetteraukreis.de\/index.php?rest_route=\/wp\/v2\/pages\/18\/revisions"}],"predecessor-version":[{"id":460,"href":"https:\/\/www.verkehrswacht-wetteraukreis.de\/index.php?rest_route=\/wp\/v2\/pages\/18\/revisions\/460"}],"wp:featuredmedia":[{"embeddable":true,"href":"https:\/\/www.verkehrswacht-wetteraukreis.de\/index.php?rest_route=\/wp\/v2\/media\/71"}],"wp:attachment":[{"href":"https:\/\/www.verkehrswacht-wetteraukreis.de\/index.php?rest_route=%2Fwp%2Fv2%2Fmedia&parent=18"}],"curies":[{"name":"wp","href":"https:\/\/api.w.org\/{rel}","templated":true}]}}