{"id":179,"date":"2018-05-21T15:49:02","date_gmt":"2018-05-21T13:49:02","guid":{"rendered":"https:\/\/wp.verkehrswacht-wetteraukreis.de\/?page_id=179"},"modified":"2020-11-17T07:30:20","modified_gmt":"2020-11-17T06:30:20","slug":"verkehrsschauen-der-staedte-und-gemeinden","status":"publish","type":"page","link":"https:\/\/www.verkehrswacht-wetteraukreis.de\/?page_id=179","title":{"rendered":"Verkehrsschauen der St\u00e4dte und Gemeinden"},"content":{"rendered":"<p>Die St\u00e4dte und Gemeinden veranstalten regelm\u00e4\u00dfig Verkehrsschauen, an denen Fachleute der St\u00e4dte, der Polizei, der Stra\u00dfenverkehrsbeh\u00f6rde und weiterer Organisationen teilnehmen und Gefahrenpunkte und Problemzonen er\u00f6rtern. Die Verkehrswacht ist grunds\u00e4tzlich mit beteiligt. Sie kann daher Einfluss im Hinblick auf die gew\u00fcnschte Verkehrssicherheit nehmen.<\/p>\n\n\n<figure class=\"wp-block-image size-large\"><img loading=\"lazy\" decoding=\"async\" width=\"640\" height=\"276\" src=\"https:\/\/www.verkehrswacht-wetteraukreis.de\/wp-content\/uploads\/2020\/11\/auto-2679743_640.jpg\" alt=\"\" class=\"wp-image-339\" srcset=\"https:\/\/www.verkehrswacht-wetteraukreis.de\/wp-content\/uploads\/2020\/11\/auto-2679743_640.jpg 640w, https:\/\/www.verkehrswacht-wetteraukreis.de\/wp-content\/uploads\/2020\/11\/auto-2679743_640-300x129.jpg 300w\" sizes=\"auto, (max-width: 640px) 100vw, 640px\" \/><\/figure>\n","protected":false},"excerpt":{"rendered":"<p>Die St\u00e4dte und Gemeinden veranstalten regelm\u00e4\u00dfig Verkehrsschauen, an denen Fachleute der St\u00e4dte, der Polizei, der Stra\u00dfenverkehrsbeh\u00f6rde und weiterer Organisationen teilnehmen und Gefahrenpunkte und Problemzonen er\u00f6rtern. Die Verkehrswacht ist grunds\u00e4tzlich mit beteiligt. Sie kann daher Einfluss im Hinblick auf die gew\u00fcnschte Verkehrssicherheit nehmen.<\/p>\n","protected":false},"author":1,"featured_media":0,"parent":0,"menu_order":0,"comment_status":"closed","ping_status":"closed","template":"","meta":{"_uag_custom_page_level_css":"","footnotes":""},"class_list":["post-179","page","type-page","status-publish","hentry"],"uagb_featured_image_src":{"full":false,"thumbnail":false,"medium":false,"medium_large":false,"large":false,"1536x1536":false,"2048x2048":false,"twentyseventeen-featured-image":false,"twentyseventeen-thumbnail-avatar":false},"uagb_author_info":{"display_name":"tnielandt","author_link":"https:\/\/www.verkehrswacht-wetteraukreis.de\/?author=1"},"uagb_comment_info":0,"uagb_excerpt":"Die St\u00e4dte und Gemeinden veranstalten regelm\u00e4\u00dfig Verkehrsschauen, an denen Fachleute der St\u00e4dte, der Polizei, der Stra\u00dfenverkehrsbeh\u00f6rde und weiterer Organisationen teilnehmen und Gefahrenpunkte und Problemzonen er\u00f6rtern. Die Verkehrswacht ist grunds\u00e4tzlich mit beteiligt. Sie kann daher Einfluss im Hinblick auf die gew\u00fcnschte Verkehrssicherheit nehmen.","_links":{"self":[{"href":"https:\/\/www.verkehrswacht-wetteraukreis.de\/index.php?rest_route=\/wp\/v2\/pages\/179","targetHints":{"allow":["GET"]}}],"collection":[{"href":"https:\/\/www.verkehrswacht-wetteraukreis.de\/index.php?rest_route=\/wp\/v2\/pages"}],"about":[{"href":"https:\/\/www.verkehrswacht-wetteraukreis.de\/index.php?rest_route=\/wp\/v2\/types\/page"}],"author":[{"embeddable":true,"href":"https:\/\/www.verkehrswacht-wetteraukreis.de\/index.php?rest_route=\/wp\/v2\/users\/1"}],"replies":[{"embeddable":true,"href":"https:\/\/www.verkehrswacht-wetteraukreis.de\/index.php?rest_route=%2Fwp%2Fv2%2Fcomments&post=179"}],"version-history":[{"count":3,"href":"https:\/\/www.verkehrswacht-wetteraukreis.de\/index.php?rest_route=\/wp\/v2\/pages\/179\/revisions"}],"predecessor-version":[{"id":453,"href":"https:\/\/www.verkehrswacht-wetteraukreis.de\/index.php?rest_route=\/wp\/v2\/pages\/179\/revisions\/453"}],"wp:attachment":[{"href":"https:\/\/www.verkehrswacht-wetteraukreis.de\/index.php?rest_route=%2Fwp%2Fv2%2Fmedia&parent=179"}],"curies":[{"name":"wp","href":"https:\/\/api.w.org\/{rel}","templated":true}]}}