{"id":17,"date":"2018-05-21T11:38:34","date_gmt":"2018-05-21T09:38:34","guid":{"rendered":"https:\/\/wp.verkehrswacht-wetteraukreis.de\/?page_id=17"},"modified":"2020-02-19T16:54:37","modified_gmt":"2020-02-19T15:54:37","slug":"startseite","status":"publish","type":"page","link":"https:\/\/www.verkehrswacht-wetteraukreis.de\/","title":{"rendered":"Willkommen"},"content":{"rendered":"<p><strong>Besten Dank f\u00fcr Ihr Interesse an der Verkehrswacht Wetteraukreis.<\/strong><\/p>\n<p>Wir haben uns der Verkehrssicherheit verschrieben. Unsere Aufgabe besteht darin, vom Kindergarten bis ins hohe Alter den Teilnehmern am Stra\u00dfenverkehr zu helfen und sie m\u00f6glichst vor Unf\u00e4llen zu sch\u00fctzen. Diese Aufgaben sind nat\u00fcrlich vielf\u00e4ltig, je nach Alter und spezifischer Teilnahme des Menschen am Stra\u00dfenverkehr.<\/p>\n<p>Unter der Rubrik \u201eProgramme\u201c finden Sie unseren T\u00e4tigkeitsumfang vom Kindergarten bis zum Seniorenalter.<\/p>\n<p>Philipp Leichner<\/p>\n<p>1. Vorsitzender<\/p>\n","protected":false},"excerpt":{"rendered":"<p>Besten Dank f\u00fcr Ihr Interesse an der Verkehrswacht Wetteraukreis. Wir haben uns der Verkehrssicherheit verschrieben. Unsere Aufgabe besteht darin, vom Kindergarten bis ins hohe Alter den Teilnehmern am Stra\u00dfenverkehr zu helfen und sie m\u00f6glichst vor Unf\u00e4llen zu sch\u00fctzen. Diese Aufgaben sind nat\u00fcrlich vielf\u00e4ltig, je nach Alter und spezifischer Teilnahme des Menschen am Stra\u00dfenverkehr. Unter der &hellip; <\/p>\n<p class=\"link-more\"><a href=\"https:\/\/www.verkehrswacht-wetteraukreis.de\/\" class=\"more-link\"><span class=\"screen-reader-text\">\u201eWillkommen\u201c <\/span>weiterlesen<\/a><\/p>\n","protected":false},"author":1,"featured_media":0,"parent":0,"menu_order":0,"comment_status":"closed","ping_status":"closed","template":"","meta":{"_uag_custom_page_level_css":"","footnotes":""},"class_list":["post-17","page","type-page","status-publish","hentry"],"uagb_featured_image_src":{"full":false,"thumbnail":false,"medium":false,"medium_large":false,"large":false,"1536x1536":false,"2048x2048":false,"twentyseventeen-featured-image":false,"twentyseventeen-thumbnail-avatar":false},"uagb_author_info":{"display_name":"tnielandt","author_link":"https:\/\/www.verkehrswacht-wetteraukreis.de\/?author=1"},"uagb_comment_info":0,"uagb_excerpt":"Besten Dank f\u00fcr Ihr Interesse an der Verkehrswacht Wetteraukreis. Wir haben uns der Verkehrssicherheit verschrieben. Unsere Aufgabe besteht darin, vom Kindergarten bis ins hohe Alter den Teilnehmern am Stra\u00dfenverkehr zu helfen und sie m\u00f6glichst vor Unf\u00e4llen zu sch\u00fctzen. Diese Aufgaben sind nat\u00fcrlich vielf\u00e4ltig, je nach Alter und spezifischer Teilnahme des Menschen am Stra\u00dfenverkehr. Unter der&hellip;","_links":{"self":[{"href":"https:\/\/www.verkehrswacht-wetteraukreis.de\/index.php?rest_route=\/wp\/v2\/pages\/17","targetHints":{"allow":["GET"]}}],"collection":[{"href":"https:\/\/www.verkehrswacht-wetteraukreis.de\/index.php?rest_route=\/wp\/v2\/pages"}],"about":[{"href":"https:\/\/www.verkehrswacht-wetteraukreis.de\/index.php?rest_route=\/wp\/v2\/types\/page"}],"author":[{"embeddable":true,"href":"https:\/\/www.verkehrswacht-wetteraukreis.de\/index.php?rest_route=\/wp\/v2\/users\/1"}],"replies":[{"embeddable":true,"href":"https:\/\/www.verkehrswacht-wetteraukreis.de\/index.php?rest_route=%2Fwp%2Fv2%2Fcomments&post=17"}],"version-history":[{"count":4,"href":"https:\/\/www.verkehrswacht-wetteraukreis.de\/index.php?rest_route=\/wp\/v2\/pages\/17\/revisions"}],"predecessor-version":[{"id":324,"href":"https:\/\/www.verkehrswacht-wetteraukreis.de\/index.php?rest_route=\/wp\/v2\/pages\/17\/revisions\/324"}],"wp:attachment":[{"href":"https:\/\/www.verkehrswacht-wetteraukreis.de\/index.php?rest_route=%2Fwp%2Fv2%2Fmedia&parent=17"}],"curies":[{"name":"wp","href":"https:\/\/api.w.org\/{rel}","templated":true}]}}