{"id":163,"date":"2018-05-21T15:39:29","date_gmt":"2018-05-21T13:39:29","guid":{"rendered":"https:\/\/wp.verkehrswacht-wetteraukreis.de\/?page_id=163"},"modified":"2020-11-17T06:39:07","modified_gmt":"2020-11-17T05:39:07","slug":"verkehrsunterricht-durch-auflage-der-staatsanwaltschaft-und-der-jugendgerichte","status":"publish","type":"page","link":"https:\/\/www.verkehrswacht-wetteraukreis.de\/?page_id=163","title":{"rendered":"Verkehrsunterricht durch Auflage der Staatsanwaltschaft und der Jugendgerichtshilfe"},"content":{"rendered":"<p>Verkehrsverst\u00f6\u00dfe jugendlicher Kraftfahrer:innen k\u00f6nnen von der Staatsanwaltschaft oder dem Gericht mit der Auflage verbunden werden, an einem Seminar der Verkehrswacht Wetteraukreis teilzunehmen. Das erstreckt sich i.d.R. \u00fcber 4 Abende an denen jeweils eine Rechtanwalt:in, eine Polizeibeamt:in, eine Fahrlehrer;in und eine Rettungsassistent:in versuchen, den jungen Leuten die Hintergr\u00fcnde und Folgen ihrer Taten klar zu machen.<\/p>\n<p>Die Jugendgerichtshilfe berichtet von guten Erfolgen der Seminarreihe.<\/p>\n","protected":false},"excerpt":{"rendered":"<p>Verkehrsverst\u00f6\u00dfe jugendlicher Kraftfahrer:innen k\u00f6nnen von der Staatsanwaltschaft oder dem Gericht mit der Auflage verbunden werden, an einem Seminar der Verkehrswacht Wetteraukreis teilzunehmen. Das erstreckt sich i.d.R. \u00fcber 4 Abende an denen jeweils eine Rechtanwalt:in, eine Polizeibeamt:in, eine Fahrlehrer;in und eine Rettungsassistent:in versuchen, den jungen Leuten die Hintergr\u00fcnde und Folgen ihrer Taten klar zu machen. Die &hellip; <\/p>\n<p class=\"link-more\"><a href=\"https:\/\/www.verkehrswacht-wetteraukreis.de\/?page_id=163\" class=\"more-link\"><span class=\"screen-reader-text\">\u201eVerkehrsunterricht durch Auflage der Staatsanwaltschaft und der Jugendgerichtshilfe\u201c <\/span>weiterlesen<\/a><\/p>\n","protected":false},"author":1,"featured_media":0,"parent":0,"menu_order":0,"comment_status":"closed","ping_status":"closed","template":"","meta":{"_uag_custom_page_level_css":"","footnotes":""},"class_list":["post-163","page","type-page","status-publish","hentry"],"uagb_featured_image_src":{"full":false,"thumbnail":false,"medium":false,"medium_large":false,"large":false,"1536x1536":false,"2048x2048":false,"twentyseventeen-featured-image":false,"twentyseventeen-thumbnail-avatar":false},"uagb_author_info":{"display_name":"tnielandt","author_link":"https:\/\/www.verkehrswacht-wetteraukreis.de\/?author=1"},"uagb_comment_info":0,"uagb_excerpt":"Verkehrsverst\u00f6\u00dfe jugendlicher Kraftfahrer:innen k\u00f6nnen von der Staatsanwaltschaft oder dem Gericht mit der Auflage verbunden werden, an einem Seminar der Verkehrswacht Wetteraukreis teilzunehmen. Das erstreckt sich i.d.R. \u00fcber 4 Abende an denen jeweils eine Rechtanwalt:in, eine Polizeibeamt:in, eine Fahrlehrer;in und eine Rettungsassistent:in versuchen, den jungen Leuten die Hintergr\u00fcnde und Folgen ihrer Taten klar zu machen. Die&hellip;","_links":{"self":[{"href":"https:\/\/www.verkehrswacht-wetteraukreis.de\/index.php?rest_route=\/wp\/v2\/pages\/163","targetHints":{"allow":["GET"]}}],"collection":[{"href":"https:\/\/www.verkehrswacht-wetteraukreis.de\/index.php?rest_route=\/wp\/v2\/pages"}],"about":[{"href":"https:\/\/www.verkehrswacht-wetteraukreis.de\/index.php?rest_route=\/wp\/v2\/types\/page"}],"author":[{"embeddable":true,"href":"https:\/\/www.verkehrswacht-wetteraukreis.de\/index.php?rest_route=\/wp\/v2\/users\/1"}],"replies":[{"embeddable":true,"href":"https:\/\/www.verkehrswacht-wetteraukreis.de\/index.php?rest_route=%2Fwp%2Fv2%2Fcomments&post=163"}],"version-history":[{"count":2,"href":"https:\/\/www.verkehrswacht-wetteraukreis.de\/index.php?rest_route=\/wp\/v2\/pages\/163\/revisions"}],"predecessor-version":[{"id":427,"href":"https:\/\/www.verkehrswacht-wetteraukreis.de\/index.php?rest_route=\/wp\/v2\/pages\/163\/revisions\/427"}],"wp:attachment":[{"href":"https:\/\/www.verkehrswacht-wetteraukreis.de\/index.php?rest_route=%2Fwp%2Fv2%2Fmedia&parent=163"}],"curies":[{"name":"wp","href":"https:\/\/api.w.org\/{rel}","templated":true}]}}