{"id":158,"date":"2018-05-21T15:38:56","date_gmt":"2018-05-21T13:38:56","guid":{"rendered":"https:\/\/wp.verkehrswacht-wetteraukreis.de\/?page_id=158"},"modified":"2020-11-17T06:38:01","modified_gmt":"2020-11-17T05:38:01","slug":"aktion-junge-fahrer","status":"publish","type":"page","link":"https:\/\/www.verkehrswacht-wetteraukreis.de\/?page_id=158","title":{"rendered":"Aktion \u201eJung+Sicher+Startklar"},"content":{"rendered":"<p>Diese Aktion richtet sich an die F\u00fchrerscheinneulinge und jungen Fahranf\u00e4nger:innen zwischen 17 und 24 Jahren.<\/p>\n<p>Mit Hilfe verschiedener Stationen wird ihnen deutlich, welche Auswirkungen Alkohol und Drogen haben und wie sie in Situationen von \u00dcberm\u00fcdung, Ablenkung handeln k\u00f6nnen, bzw. was nach einem Unfall zu tun ist.<\/p>\n<p>Informelle&nbsp; Stationen k\u00f6nnen<\/p>\n<ul>\n<li>der \u00dcberrollsimulator<\/li>\n<li>der Gurtschlitten<\/li>\n<li>ein Unfallfahrzeug<\/li>\n<li>ein Alkoholsimulator<\/li>\n<li>der Rauschbrillenparcour<\/li>\n<li>die Information eines Unfallarztes oder Notfall-Seelsorgers sein.<\/li>\n<\/ul>\n<p>Sogar ein Realeinsatz mit einem gestellten Unfall, bei dem Polizei, Feuerwehr und Rettungsarzt im Einsatz waren, kann bleibenden Eindruck hinterlassen.<\/p>\n<p>Diese Aktion kann ab der 10. Klasse aller Schulformen durchgef\u00fchrt werden.<\/p>\n<p><\/p>\n\n\n<figure class=\"wp-block-image size-large is-resized\"><img loading=\"lazy\" decoding=\"async\" src=\"https:\/\/www.verkehrswacht-wetteraukreis.de\/wp-content\/uploads\/2020\/11\/VW_Auto_jung-1024x683.jpg\" alt=\"\" class=\"wp-image-423\" width=\"509\" height=\"339\" srcset=\"https:\/\/www.verkehrswacht-wetteraukreis.de\/wp-content\/uploads\/2020\/11\/VW_Auto_jung-1024x683.jpg 1024w, https:\/\/www.verkehrswacht-wetteraukreis.de\/wp-content\/uploads\/2020\/11\/VW_Auto_jung-300x200.jpg 300w, https:\/\/www.verkehrswacht-wetteraukreis.de\/wp-content\/uploads\/2020\/11\/VW_Auto_jung-768x512.jpg 768w, https:\/\/www.verkehrswacht-wetteraukreis.de\/wp-content\/uploads\/2020\/11\/VW_Auto_jung-1536x1024.jpg 1536w, https:\/\/www.verkehrswacht-wetteraukreis.de\/wp-content\/uploads\/2020\/11\/VW_Auto_jung-2048x1365.jpg 2048w\" sizes=\"auto, (max-width: 509px) 100vw, 509px\" \/><figcaption>Verkehrswacht-Wetteraukreis<\/figcaption><\/figure>\n\n\n\n<figure class=\"wp-block-image size-large is-resized\"><img loading=\"lazy\" decoding=\"async\" src=\"https:\/\/www.verkehrswacht-wetteraukreis.de\/wp-content\/uploads\/2020\/11\/VW_Simulator-1024x576.jpg\" alt=\"\" class=\"wp-image-424\" width=\"498\" height=\"280\" srcset=\"https:\/\/www.verkehrswacht-wetteraukreis.de\/wp-content\/uploads\/2020\/11\/VW_Simulator-1024x576.jpg 1024w, https:\/\/www.verkehrswacht-wetteraukreis.de\/wp-content\/uploads\/2020\/11\/VW_Simulator-300x169.jpg 300w, https:\/\/www.verkehrswacht-wetteraukreis.de\/wp-content\/uploads\/2020\/11\/VW_Simulator-768x432.jpg 768w, https:\/\/www.verkehrswacht-wetteraukreis.de\/wp-content\/uploads\/2020\/11\/VW_Simulator-1536x864.jpg 1536w, https:\/\/www.verkehrswacht-wetteraukreis.de\/wp-content\/uploads\/2020\/11\/VW_Simulator-2048x1152.jpg 2048w\" sizes=\"auto, (max-width: 498px) 100vw, 498px\" \/><figcaption><em>Verkehrswacht-Wetteraukreis<\/em><\/figcaption><\/figure>\n\n\n\n<p><\/p>\n","protected":false},"excerpt":{"rendered":"<p>Diese Aktion richtet sich an die F\u00fchrerscheinneulinge und jungen Fahranf\u00e4nger:innen zwischen 17 und 24 Jahren. Mit Hilfe verschiedener Stationen wird ihnen deutlich, welche Auswirkungen Alkohol und Drogen haben und wie sie in Situationen von \u00dcberm\u00fcdung, Ablenkung handeln k\u00f6nnen, bzw. was nach einem Unfall zu tun ist. Informelle&nbsp; Stationen k\u00f6nnen der \u00dcberrollsimulator der Gurtschlitten ein Unfallfahrzeug &hellip; <\/p>\n<p class=\"link-more\"><a href=\"https:\/\/www.verkehrswacht-wetteraukreis.de\/?page_id=158\" class=\"more-link\"><span class=\"screen-reader-text\">\u201eAktion \u201eJung+Sicher+Startklar\u201c <\/span>weiterlesen<\/a><\/p>\n","protected":false},"author":1,"featured_media":0,"parent":0,"menu_order":0,"comment_status":"closed","ping_status":"closed","template":"","meta":{"_uag_custom_page_level_css":"","footnotes":""},"class_list":["post-158","page","type-page","status-publish","hentry"],"uagb_featured_image_src":{"full":false,"thumbnail":false,"medium":false,"medium_large":false,"large":false,"1536x1536":false,"2048x2048":false,"twentyseventeen-featured-image":false,"twentyseventeen-thumbnail-avatar":false},"uagb_author_info":{"display_name":"tnielandt","author_link":"https:\/\/www.verkehrswacht-wetteraukreis.de\/?author=1"},"uagb_comment_info":0,"uagb_excerpt":"Diese Aktion richtet sich an die F\u00fchrerscheinneulinge und jungen Fahranf\u00e4nger:innen zwischen 17 und 24 Jahren. Mit Hilfe verschiedener Stationen wird ihnen deutlich, welche Auswirkungen Alkohol und Drogen haben und wie sie in Situationen von \u00dcberm\u00fcdung, Ablenkung handeln k\u00f6nnen, bzw. was nach einem Unfall zu tun ist. Informelle&nbsp; Stationen k\u00f6nnen der \u00dcberrollsimulator der Gurtschlitten ein Unfallfahrzeug&hellip;","_links":{"self":[{"href":"https:\/\/www.verkehrswacht-wetteraukreis.de\/index.php?rest_route=\/wp\/v2\/pages\/158","targetHints":{"allow":["GET"]}}],"collection":[{"href":"https:\/\/www.verkehrswacht-wetteraukreis.de\/index.php?rest_route=\/wp\/v2\/pages"}],"about":[{"href":"https:\/\/www.verkehrswacht-wetteraukreis.de\/index.php?rest_route=\/wp\/v2\/types\/page"}],"author":[{"embeddable":true,"href":"https:\/\/www.verkehrswacht-wetteraukreis.de\/index.php?rest_route=\/wp\/v2\/users\/1"}],"replies":[{"embeddable":true,"href":"https:\/\/www.verkehrswacht-wetteraukreis.de\/index.php?rest_route=%2Fwp%2Fv2%2Fcomments&post=158"}],"version-history":[{"count":3,"href":"https:\/\/www.verkehrswacht-wetteraukreis.de\/index.php?rest_route=\/wp\/v2\/pages\/158\/revisions"}],"predecessor-version":[{"id":426,"href":"https:\/\/www.verkehrswacht-wetteraukreis.de\/index.php?rest_route=\/wp\/v2\/pages\/158\/revisions\/426"}],"wp:attachment":[{"href":"https:\/\/www.verkehrswacht-wetteraukreis.de\/index.php?rest_route=%2Fwp%2Fv2%2Fmedia&parent=158"}],"curies":[{"name":"wp","href":"https:\/\/api.w.org\/{rel}","templated":true}]}}