{"id":156,"date":"2018-05-21T15:34:06","date_gmt":"2018-05-21T13:34:06","guid":{"rendered":"https:\/\/wp.verkehrswacht-wetteraukreis.de\/?page_id=156"},"modified":"2020-11-17T07:27:10","modified_gmt":"2020-11-17T06:27:10","slug":"verkehrshelfer","status":"publish","type":"page","link":"https:\/\/www.verkehrswacht-wetteraukreis.de\/?page_id=156","title":{"rendered":"Verkehrshelfer:innen Sch\u00fclerlots:innen"},"content":{"rendered":"<ul>\n<li style=\"font-weight: 400;\">\n<p>haben die Aufgabe, den Sch\u00fcler:innen beim \u00dcberqueren der Stra\u00dfe vor Schulbeginn und nach Schulende Hilfestellung zu geben.<br \/>Im Wetteraukreis ist es erfreulicherweise schon vor vielen Jahren gelungen, die unmittelbaren Zug\u00e4nge zu Schulen mit Hilfe von Ampeln oder \u00dcberquerungshilfen so zu gestalten, dass der Einsatz von Sch\u00fclerlotsen nicht mehr notwendig ist.<\/p>\n<p>Ganz anders verh\u00e4lt es sich bei den <strong>Schulbuslots:innen<\/strong>.<br \/>Nach einer entsprechenden Ausbildung haben sie die Aufgabe,<\/p>\n<ul>\n<li>an den Bushaltestellen,<\/li>\n<li>beim Ein- und Aussteigen in den Bus und<\/li>\n<li>im Bus f\u00fcr einen geordneten Ablauf und Sicherheit zu sorgen.<\/li>\n<li>und m\u00f6glichen Vandalismus im Bus einzud\u00e4mmen.<br \/><br \/>Dies nutzt\n<ul>\n<li>den Sch\u00fclern weil sie sicherer und stressfreier fahren,<\/li>\n<li>den Eltern und den Schulen, weil sie weniger Streit schlichten m\u00fcssen,<\/li>\n<li>den Fahrern weil sie konzentrierter fahren k\u00f6nnen,<\/li>\n<li>und den Omnibusbetrieben, weil z.B. weniger Sitze beschmiert werden.<\/li>\n<\/ul>\n<p>Die Schulbuslotsen, auch Bus-Scouts genannt, haben sich seit 2003 an mehreren Schulen im Wetteraukreis bew\u00e4hrt.<\/p>\n<\/li>\n<\/ul>\n<p>\u00a0<\/p>\n<\/li>\n<\/ul>\n\n\n<p>Bei Interesse vermittelt die Verkehrswacht eine Ausbildung und betreut die Schulbuslots:innen&nbsp; z.B. bei dem landesweiten Schulbusbegleiter:innen-Wettbewerb.<\/p>\n\n\n\n<div class=\"wp-block-image is-style-default\"><figure class=\"aligncenter size-large is-resized\"><img loading=\"lazy\" decoding=\"async\" src=\"https:\/\/www.verkehrswacht-wetteraukreis.de\/wp-content\/uploads\/2020\/11\/Buslotsenwettbewerb-768x1024.jpg\" alt=\"\" class=\"wp-image-417\" width=\"355\" height=\"473\" srcset=\"https:\/\/www.verkehrswacht-wetteraukreis.de\/wp-content\/uploads\/2020\/11\/Buslotsenwettbewerb-768x1024.jpg 768w, https:\/\/www.verkehrswacht-wetteraukreis.de\/wp-content\/uploads\/2020\/11\/Buslotsenwettbewerb-225x300.jpg 225w, https:\/\/www.verkehrswacht-wetteraukreis.de\/wp-content\/uploads\/2020\/11\/Buslotsenwettbewerb-1152x1536.jpg 1152w, https:\/\/www.verkehrswacht-wetteraukreis.de\/wp-content\/uploads\/2020\/11\/Buslotsenwettbewerb-1536x2048.jpg 1536w, https:\/\/www.verkehrswacht-wetteraukreis.de\/wp-content\/uploads\/2020\/11\/Buslotsenwettbewerb-scaled.jpg 1920w\" sizes=\"auto, (max-width: 355px) 100vw, 355px\" \/><figcaption>Teilnehmerinnen am Buslotsenwettbewerb Hessen 2019,<br>&nbsp;&nbsp;&nbsp;&nbsp;&nbsp;&nbsp;&nbsp;&nbsp;&nbsp;&nbsp;&nbsp;&nbsp;&nbsp;&nbsp;&nbsp;&nbsp;&nbsp;&nbsp;&nbsp;&nbsp;&nbsp;&nbsp;&nbsp;&nbsp;&nbsp;&nbsp;&nbsp;&nbsp;&nbsp;&nbsp;&nbsp;&nbsp;&nbsp;&nbsp;&nbsp;&nbsp;&nbsp;&nbsp;&nbsp;&nbsp;&nbsp;&nbsp;&nbsp;&nbsp;&nbsp;&nbsp; links die Siegerin Alina R\u00f6\u00dfler &nbsp;<\/figcaption><\/figure><\/div>\n","protected":false},"excerpt":{"rendered":"<p>haben die Aufgabe, den Sch\u00fcler:innen beim \u00dcberqueren der Stra\u00dfe vor Schulbeginn und nach Schulende Hilfestellung zu geben.Im Wetteraukreis ist es erfreulicherweise schon vor vielen Jahren gelungen, die unmittelbaren Zug\u00e4nge zu Schulen mit Hilfe von Ampeln oder \u00dcberquerungshilfen so zu gestalten, dass der Einsatz von Sch\u00fclerlotsen nicht mehr notwendig ist. Ganz anders verh\u00e4lt es sich bei &hellip; <\/p>\n<p class=\"link-more\"><a href=\"https:\/\/www.verkehrswacht-wetteraukreis.de\/?page_id=156\" class=\"more-link\"><span class=\"screen-reader-text\">\u201eVerkehrshelfer:innen Sch\u00fclerlots:innen\u201c <\/span>weiterlesen<\/a><\/p>\n","protected":false},"author":1,"featured_media":0,"parent":0,"menu_order":0,"comment_status":"closed","ping_status":"closed","template":"","meta":{"_uag_custom_page_level_css":"","footnotes":""},"class_list":["post-156","page","type-page","status-publish","hentry"],"uagb_featured_image_src":{"full":false,"thumbnail":false,"medium":false,"medium_large":false,"large":false,"1536x1536":false,"2048x2048":false,"twentyseventeen-featured-image":false,"twentyseventeen-thumbnail-avatar":false},"uagb_author_info":{"display_name":"tnielandt","author_link":"https:\/\/www.verkehrswacht-wetteraukreis.de\/?author=1"},"uagb_comment_info":0,"uagb_excerpt":"haben die Aufgabe, den Sch\u00fcler:innen beim \u00dcberqueren der Stra\u00dfe vor Schulbeginn und nach Schulende Hilfestellung zu geben.Im Wetteraukreis ist es erfreulicherweise schon vor vielen Jahren gelungen, die unmittelbaren Zug\u00e4nge zu Schulen mit Hilfe von Ampeln oder \u00dcberquerungshilfen so zu gestalten, dass der Einsatz von Sch\u00fclerlotsen nicht mehr notwendig ist. Ganz anders verh\u00e4lt es sich bei&hellip;","_links":{"self":[{"href":"https:\/\/www.verkehrswacht-wetteraukreis.de\/index.php?rest_route=\/wp\/v2\/pages\/156","targetHints":{"allow":["GET"]}}],"collection":[{"href":"https:\/\/www.verkehrswacht-wetteraukreis.de\/index.php?rest_route=\/wp\/v2\/pages"}],"about":[{"href":"https:\/\/www.verkehrswacht-wetteraukreis.de\/index.php?rest_route=\/wp\/v2\/types\/page"}],"author":[{"embeddable":true,"href":"https:\/\/www.verkehrswacht-wetteraukreis.de\/index.php?rest_route=\/wp\/v2\/users\/1"}],"replies":[{"embeddable":true,"href":"https:\/\/www.verkehrswacht-wetteraukreis.de\/index.php?rest_route=%2Fwp%2Fv2%2Fcomments&post=156"}],"version-history":[{"count":5,"href":"https:\/\/www.verkehrswacht-wetteraukreis.de\/index.php?rest_route=\/wp\/v2\/pages\/156\/revisions"}],"predecessor-version":[{"id":449,"href":"https:\/\/www.verkehrswacht-wetteraukreis.de\/index.php?rest_route=\/wp\/v2\/pages\/156\/revisions\/449"}],"wp:attachment":[{"href":"https:\/\/www.verkehrswacht-wetteraukreis.de\/index.php?rest_route=%2Fwp%2Fv2%2Fmedia&parent=156"}],"curies":[{"name":"wp","href":"https:\/\/api.w.org\/{rel}","templated":true}]}}