{"id":152,"date":"2018-05-21T15:32:26","date_gmt":"2018-05-21T13:32:26","guid":{"rendered":"https:\/\/wp.verkehrswacht-wetteraukreis.de\/?page_id=152"},"modified":"2020-11-17T07:24:05","modified_gmt":"2020-11-17T06:24:05","slug":"fahrradwerkstaetten","status":"publish","type":"page","link":"https:\/\/www.verkehrswacht-wetteraukreis.de\/?page_id=152","title":{"rendered":"Fahrradwerkst\u00e4tten und Bikeschools"},"content":{"rendered":"<p>In einigen Schulen besteht eine sinnvolle Einrichtung in Hinblick auf die Beteiligung von Jugendlichen am Verkehr mit dem Rad. Unter Anleitung von Lehrer:innen werden Sch\u00fcler:innen zu eine sicheren Teilnahme am Verkehr hingef\u00fchrt. Dazu geh\u00f6ren auch Fertigkeiten bei kleinen Reparaturen an den R\u00e4dern.<\/p>\n<p>Auf Antrag kann die Verkehrswacht Material f\u00fcr eine solche \u201eFahrradwerkstatt\u201c zur Verf\u00fcgung stellen.<\/p>\n<p>Noch intensiver besch\u00e4ftigt man sich mit dem Rad in den Bikeschools, von denen es zur Zeit im Wetteraukreis 3 gibt, eine an einem Gymnasium, 2 an Berufsschulen.<\/p>\n\n\n<figure class=\"wp-block-image size-large is-resized\"><img loading=\"lazy\" decoding=\"async\" src=\"https:\/\/www.verkehrswacht-wetteraukreis.de\/wp-content\/uploads\/2018\/05\/769899_original_R_B_by_Tobias-Benner_pixelio.de_-1024x768.jpg\" alt=\"\" class=\"wp-image-266\" width=\"477\" height=\"357\" srcset=\"https:\/\/www.verkehrswacht-wetteraukreis.de\/wp-content\/uploads\/2018\/05\/769899_original_R_B_by_Tobias-Benner_pixelio.de_-1024x768.jpg 1024w, https:\/\/www.verkehrswacht-wetteraukreis.de\/wp-content\/uploads\/2018\/05\/769899_original_R_B_by_Tobias-Benner_pixelio.de_-300x225.jpg 300w, https:\/\/www.verkehrswacht-wetteraukreis.de\/wp-content\/uploads\/2018\/05\/769899_original_R_B_by_Tobias-Benner_pixelio.de_-768x576.jpg 768w\" sizes=\"auto, (max-width: 477px) 100vw, 477px\" \/><\/figure>\n","protected":false},"excerpt":{"rendered":"<p>In einigen Schulen besteht eine sinnvolle Einrichtung in Hinblick auf die Beteiligung von Jugendlichen am Verkehr mit dem Rad. Unter Anleitung von Lehrer:innen werden Sch\u00fcler:innen zu eine sicheren Teilnahme am Verkehr hingef\u00fchrt. Dazu geh\u00f6ren auch Fertigkeiten bei kleinen Reparaturen an den R\u00e4dern. Auf Antrag kann die Verkehrswacht Material f\u00fcr eine solche \u201eFahrradwerkstatt\u201c zur Verf\u00fcgung stellen. &hellip; <\/p>\n<p class=\"link-more\"><a href=\"https:\/\/www.verkehrswacht-wetteraukreis.de\/?page_id=152\" class=\"more-link\"><span class=\"screen-reader-text\">\u201eFahrradwerkst\u00e4tten und Bikeschools\u201c <\/span>weiterlesen<\/a><\/p>\n","protected":false},"author":1,"featured_media":0,"parent":0,"menu_order":0,"comment_status":"closed","ping_status":"closed","template":"","meta":{"_uag_custom_page_level_css":"","footnotes":""},"class_list":["post-152","page","type-page","status-publish","hentry"],"uagb_featured_image_src":{"full":false,"thumbnail":false,"medium":false,"medium_large":false,"large":false,"1536x1536":false,"2048x2048":false,"twentyseventeen-featured-image":false,"twentyseventeen-thumbnail-avatar":false},"uagb_author_info":{"display_name":"tnielandt","author_link":"https:\/\/www.verkehrswacht-wetteraukreis.de\/?author=1"},"uagb_comment_info":0,"uagb_excerpt":"In einigen Schulen besteht eine sinnvolle Einrichtung in Hinblick auf die Beteiligung von Jugendlichen am Verkehr mit dem Rad. Unter Anleitung von Lehrer:innen werden Sch\u00fcler:innen zu eine sicheren Teilnahme am Verkehr hingef\u00fchrt. Dazu geh\u00f6ren auch Fertigkeiten bei kleinen Reparaturen an den R\u00e4dern. Auf Antrag kann die Verkehrswacht Material f\u00fcr eine solche \u201eFahrradwerkstatt\u201c zur Verf\u00fcgung stellen.&hellip;","_links":{"self":[{"href":"https:\/\/www.verkehrswacht-wetteraukreis.de\/index.php?rest_route=\/wp\/v2\/pages\/152","targetHints":{"allow":["GET"]}}],"collection":[{"href":"https:\/\/www.verkehrswacht-wetteraukreis.de\/index.php?rest_route=\/wp\/v2\/pages"}],"about":[{"href":"https:\/\/www.verkehrswacht-wetteraukreis.de\/index.php?rest_route=\/wp\/v2\/types\/page"}],"author":[{"embeddable":true,"href":"https:\/\/www.verkehrswacht-wetteraukreis.de\/index.php?rest_route=\/wp\/v2\/users\/1"}],"replies":[{"embeddable":true,"href":"https:\/\/www.verkehrswacht-wetteraukreis.de\/index.php?rest_route=%2Fwp%2Fv2%2Fcomments&post=152"}],"version-history":[{"count":4,"href":"https:\/\/www.verkehrswacht-wetteraukreis.de\/index.php?rest_route=\/wp\/v2\/pages\/152\/revisions"}],"predecessor-version":[{"id":447,"href":"https:\/\/www.verkehrswacht-wetteraukreis.de\/index.php?rest_route=\/wp\/v2\/pages\/152\/revisions\/447"}],"wp:attachment":[{"href":"https:\/\/www.verkehrswacht-wetteraukreis.de\/index.php?rest_route=%2Fwp%2Fv2%2Fmedia&parent=152"}],"curies":[{"name":"wp","href":"https:\/\/api.w.org\/{rel}","templated":true}]}}