{"id":143,"date":"2018-05-21T15:27:54","date_gmt":"2018-05-21T13:27:54","guid":{"rendered":"https:\/\/wp.verkehrswacht-wetteraukreis.de\/?page_id=143"},"modified":"2020-11-16T15:16:13","modified_gmt":"2020-11-16T14:16:13","slug":"143-2","status":"publish","type":"page","link":"https:\/\/www.verkehrswacht-wetteraukreis.de\/?page_id=143","title":{"rendered":"Mobile Jugendverkehrsschule"},"content":{"rendered":"<p>Jugendverkehrsschulen bieten \u00dcbungsfl\u00e4chen, die realen Verkehrsfl\u00e4chen nachgebildet sind. Es gibt Stra\u00dfenkreuzungen mit Ampelanlagen und Verkehrszeichen. In den drei mobilen Jugendverkehrsschulen im Wetteraukreis \u00fcben die Sch\u00fcler der 4. Klassen im Schulhof, in Turnhallen und im realen Verkehr \u00a0korrekt die Spur zu halten, richtig abzubiegen und die Verkehrsschilder zu erkennen, aber auch vorausschauend und r\u00fccksichtsvoll zu fahren. Deshalb stehen neben dem Kennenlernen von Verkehrsregeln auch die Einsch\u00e4tzung von Verkehrssituationen und Gefahren im Stra\u00dfenverkehr auf dem Programm. Mit zahlreichen \u00dcbungen werden die Kinder auf eine eigenverantwortliche Teilnahme am Stra\u00dfenverkehr vorbereitet.<\/p>\n<p>W\u00e4hrend die Schule die Kinder theoretisch und praktisch auf den Unterricht in der JVS vorbereitet, sind sechs Polizeibeamt:innen im Wetteraukreis im Einsatz, die die Kinder speziell auf das Fahren im Verkehr vorbereiten \u2013 dort wo es personell und zeitlich m\u00f6glich ist, sogar im realen Verkehrsraum.<\/p>\n<p>F\u00fcr die Fahrten auf den Stra\u00dfen stehen den Jugendverkehrsschulen modernste Kommunikationsmittel zur Verf\u00fcgung, so dass die Kinder die Anweisungen, die der mitfahrende Polizeibeamte \u00fcber ein Mikrofon spricht \u00fcber den Empf\u00e4nger am eigenen Rad h\u00f6ren k\u00f6nnen.<\/p>\n<p>Hier wirken der Wetteraukreis als Eigent\u00fcmer der Hardware (Fahrzeug, Fahrr\u00e4der usw.), die Polizeidirektion mit ihren speziell geschulten Polizeibeamten und die Verkehrswacht mit gesonderten Unterrichtsmaterialien und Konzepten zusammen.<\/p>\n\n\n<figure class=\"wp-block-image size-large\"><img loading=\"lazy\" decoding=\"async\" width=\"1024\" height=\"768\" src=\"https:\/\/www.verkehrswacht-wetteraukreis.de\/wp-content\/uploads\/2020\/11\/JVS-1024x768.jpg\" alt=\"\" class=\"wp-image-407\" srcset=\"https:\/\/www.verkehrswacht-wetteraukreis.de\/wp-content\/uploads\/2020\/11\/JVS-1024x768.jpg 1024w, https:\/\/www.verkehrswacht-wetteraukreis.de\/wp-content\/uploads\/2020\/11\/JVS-300x225.jpg 300w, https:\/\/www.verkehrswacht-wetteraukreis.de\/wp-content\/uploads\/2020\/11\/JVS-768x576.jpg 768w, https:\/\/www.verkehrswacht-wetteraukreis.de\/wp-content\/uploads\/2020\/11\/JVS-1536x1152.jpg 1536w, https:\/\/www.verkehrswacht-wetteraukreis.de\/wp-content\/uploads\/2020\/11\/JVS-2048x1536.jpg 2048w\" sizes=\"auto, (max-width: 706px) 89vw, (max-width: 767px) 82vw, 740px\" \/><figcaption>Indienststellung eines neuen Fahrzeugs<\/figcaption><\/figure>\n\n\n\n<p>2020 konnte vom Wetteraukreis nicht nur ein neues Fahrzeug \u00fcbergeben werden, sondern von der Verkehrswacht auch 6 eBikes, die die Beamt:innen oder auch die begleitenden Eltern nutzen k\u00f6nnen. Diese sollen gleichzeitig f\u00fcr die Nutzung des Fahrrads auf Wegen zur Arbeit, zur Schule und in der Freizeit werben.<\/p>\n\n\n\n<p>Die eBikes wurden von \u201eMobiles Hessen\u201c finanziert.<\/p>\n\n\n\n<div class=\"wp-block-group\"><div class=\"wp-block-group__inner-container is-layout-flow wp-block-group-is-layout-flow\">\n<figure class=\"wp-block-image size-large\"><img loading=\"lazy\" decoding=\"async\" width=\"277\" height=\"200\" src=\"https:\/\/www.verkehrswacht-wetteraukreis.de\/wp-content\/uploads\/2020\/11\/Nah-1.jpg\" alt=\"\" class=\"wp-image-409\"\/><\/figure>\n\n\n\n<figure class=\"wp-block-image size-large\"><img decoding=\"async\" src=\"https:\/\/www.verkehrswacht-wetteraukreis.de\/wp-content\/uploads\/2020\/11\/Hessen-VM.png\" alt=\"\" class=\"wp-image-410\"\/><\/figure>\n<\/div><\/div>\n","protected":false},"excerpt":{"rendered":"<p>Jugendverkehrsschulen bieten \u00dcbungsfl\u00e4chen, die realen Verkehrsfl\u00e4chen nachgebildet sind. Es gibt Stra\u00dfenkreuzungen mit Ampelanlagen und Verkehrszeichen. In den drei mobilen Jugendverkehrsschulen im Wetteraukreis \u00fcben die Sch\u00fcler der 4. Klassen im Schulhof, in Turnhallen und im realen Verkehr \u00a0korrekt die Spur zu halten, richtig abzubiegen und die Verkehrsschilder zu erkennen, aber auch vorausschauend und r\u00fccksichtsvoll zu fahren. &hellip; <\/p>\n<p class=\"link-more\"><a href=\"https:\/\/www.verkehrswacht-wetteraukreis.de\/?page_id=143\" class=\"more-link\"><span class=\"screen-reader-text\">\u201eMobile Jugendverkehrsschule\u201c <\/span>weiterlesen<\/a><\/p>\n","protected":false},"author":1,"featured_media":0,"parent":0,"menu_order":0,"comment_status":"closed","ping_status":"closed","template":"","meta":{"_uag_custom_page_level_css":"","footnotes":""},"class_list":["post-143","page","type-page","status-publish","hentry"],"uagb_featured_image_src":{"full":false,"thumbnail":false,"medium":false,"medium_large":false,"large":false,"1536x1536":false,"2048x2048":false,"twentyseventeen-featured-image":false,"twentyseventeen-thumbnail-avatar":false},"uagb_author_info":{"display_name":"tnielandt","author_link":"https:\/\/www.verkehrswacht-wetteraukreis.de\/?author=1"},"uagb_comment_info":0,"uagb_excerpt":"Jugendverkehrsschulen bieten \u00dcbungsfl\u00e4chen, die realen Verkehrsfl\u00e4chen nachgebildet sind. Es gibt Stra\u00dfenkreuzungen mit Ampelanlagen und Verkehrszeichen. In den drei mobilen Jugendverkehrsschulen im Wetteraukreis \u00fcben die Sch\u00fcler der 4. Klassen im Schulhof, in Turnhallen und im realen Verkehr \u00a0korrekt die Spur zu halten, richtig abzubiegen und die Verkehrsschilder zu erkennen, aber auch vorausschauend und r\u00fccksichtsvoll zu fahren.&hellip;","_links":{"self":[{"href":"https:\/\/www.verkehrswacht-wetteraukreis.de\/index.php?rest_route=\/wp\/v2\/pages\/143","targetHints":{"allow":["GET"]}}],"collection":[{"href":"https:\/\/www.verkehrswacht-wetteraukreis.de\/index.php?rest_route=\/wp\/v2\/pages"}],"about":[{"href":"https:\/\/www.verkehrswacht-wetteraukreis.de\/index.php?rest_route=\/wp\/v2\/types\/page"}],"author":[{"embeddable":true,"href":"https:\/\/www.verkehrswacht-wetteraukreis.de\/index.php?rest_route=\/wp\/v2\/users\/1"}],"replies":[{"embeddable":true,"href":"https:\/\/www.verkehrswacht-wetteraukreis.de\/index.php?rest_route=%2Fwp%2Fv2%2Fcomments&post=143"}],"version-history":[{"count":4,"href":"https:\/\/www.verkehrswacht-wetteraukreis.de\/index.php?rest_route=\/wp\/v2\/pages\/143\/revisions"}],"predecessor-version":[{"id":411,"href":"https:\/\/www.verkehrswacht-wetteraukreis.de\/index.php?rest_route=\/wp\/v2\/pages\/143\/revisions\/411"}],"wp:attachment":[{"href":"https:\/\/www.verkehrswacht-wetteraukreis.de\/index.php?rest_route=%2Fwp%2Fv2%2Fmedia&parent=143"}],"curies":[{"name":"wp","href":"https:\/\/api.w.org\/{rel}","templated":true}]}}