{"id":107,"date":"2018-05-21T14:37:13","date_gmt":"2018-05-21T12:37:13","guid":{"rendered":"https:\/\/wp.verkehrswacht-wetteraukreis.de\/?page_id=107"},"modified":"2020-11-17T06:53:58","modified_gmt":"2020-11-17T05:53:58","slug":"move-it-boxen","status":"publish","type":"page","link":"https:\/\/www.verkehrswacht-wetteraukreis.de\/?page_id=107","title":{"rendered":"Move-it-Boxen"},"content":{"rendered":"<p>Kinder bewegen sich heute immer weniger. Das beeintr\u00e4chtigt ihre Bewegungssicherheit und damit auch ihre Verkehrssicherheit. Doch das muss nicht so sein. Das Projekt &#8222;move it&#8220; zeigt, wie Kinder durch Bewegung fit f\u00fcr die Anforderungen im Alltag &#8211; damit auch f\u00fcr den Stra\u00dfenverkehr \u2013 werden.<\/p>\n<p>Die Welt, in der unsere Kinder aufwachsen, hat sich in den letzten Jahren stark ver\u00e4ndert. Spielpl\u00e4tze sind nur schwer zu erreichen, der Stra\u00dfenverkehr ist einfach ein zu gro\u00dfes Hindernis.<\/p>\n<p><img loading=\"lazy\" decoding=\"async\" class=\"size-medium wp-image-398 aligncenter\" src=\"https:\/\/www.verkehrswacht-wetteraukreis.de\/wp-content\/uploads\/2020\/11\/move-it-Bewegung-Bewegungsfoerderung-Grundschule-Verkehrserziehung-move-it-Box-763x600-1-300x236.jpg\" alt=\"\" width=\"300\" height=\"236\" srcset=\"https:\/\/www.verkehrswacht-wetteraukreis.de\/wp-content\/uploads\/2020\/11\/move-it-Bewegung-Bewegungsfoerderung-Grundschule-Verkehrserziehung-move-it-Box-763x600-1-300x236.jpg 300w, https:\/\/www.verkehrswacht-wetteraukreis.de\/wp-content\/uploads\/2020\/11\/move-it-Bewegung-Bewegungsfoerderung-Grundschule-Verkehrserziehung-move-it-Box-763x600-1.jpg 763w\" sizes=\"auto, (max-width: 300px) 100vw, 300px\" \/><\/p>\n<p>Und immer mehr Eltern verbieten ihren Kindern aus Angst vor m\u00f6glichen Unf\u00e4llen, an der Stra\u00dfe zu spielen. Das &#8222;technische Kinderzimmer&#8220; mit Computerspielen und Fernsehen scheint sichere M\u00f6glichkeiten zum Erkunden und Beherrschen der Welt vorzugeben..<\/p>\n<p>Der entstehende Bewegungsmangel f\u00fchrt auch dazu, dass Kinder in ihrer Freizeit, wie auch im Stra\u00dfenverkehr sehr viel st\u00e4rker unfallgef\u00e4hrdet sind. Unser Ziel ist es, die Bewegungssicherheit der Kinder gezielt zu f\u00f6rdern, z.B. mit Aktionsspielen. Denn die machen nicht nur Spa\u00df, sondern tragen auch dazu bei, die motorischen F\u00e4higkeiten der Kinder deutlich zu verbessern<\/p>\n<p>Und gerade die, die es besonders n\u00f6tig haben &#8211; n\u00e4mlich unge\u00fcbte Kinder &#8211; profitieren davon am meisten. Die gelbe &#8222;Move it&#8220;-Box bietet alles, was Erzieher:innen f\u00fcr ein abwechslungsreiches Spiel- und Bewegungsangebot im Gruppen- oder Turnraum sowie im Au\u00dfengel\u00e4nde ben\u00f6tigen.<\/p>\n<p>Sollte in ihrem Kindergarten keine \u201eMove-it-Box\u201c vorhanden sein, wenden Sie sich bitte an uns.<\/p>\n<p>\u00dcbrigens: Die \u201eMove-it\u201c Box eignet sich auch f\u00fcr den Einsatz in der Grundschule.<\/p>\n","protected":false},"excerpt":{"rendered":"<p>Kinder bewegen sich heute immer weniger. Das beeintr\u00e4chtigt ihre Bewegungssicherheit und damit auch ihre Verkehrssicherheit. Doch das muss nicht so sein. Das Projekt &#8222;move it&#8220; zeigt, wie Kinder durch Bewegung fit f\u00fcr die Anforderungen im Alltag &#8211; damit auch f\u00fcr den Stra\u00dfenverkehr \u2013 werden. Die Welt, in der unsere Kinder aufwachsen, hat sich in den &hellip; <\/p>\n<p class=\"link-more\"><a href=\"https:\/\/www.verkehrswacht-wetteraukreis.de\/?page_id=107\" class=\"more-link\"><span class=\"screen-reader-text\">\u201eMove-it-Boxen\u201c <\/span>weiterlesen<\/a><\/p>\n","protected":false},"author":1,"featured_media":0,"parent":0,"menu_order":0,"comment_status":"closed","ping_status":"closed","template":"","meta":{"_uag_custom_page_level_css":"","footnotes":""},"class_list":["post-107","page","type-page","status-publish","hentry"],"uagb_featured_image_src":{"full":false,"thumbnail":false,"medium":false,"medium_large":false,"large":false,"1536x1536":false,"2048x2048":false,"twentyseventeen-featured-image":false,"twentyseventeen-thumbnail-avatar":false},"uagb_author_info":{"display_name":"tnielandt","author_link":"https:\/\/www.verkehrswacht-wetteraukreis.de\/?author=1"},"uagb_comment_info":0,"uagb_excerpt":"Kinder bewegen sich heute immer weniger. Das beeintr\u00e4chtigt ihre Bewegungssicherheit und damit auch ihre Verkehrssicherheit. Doch das muss nicht so sein. Das Projekt &#8222;move it&#8220; zeigt, wie Kinder durch Bewegung fit f\u00fcr die Anforderungen im Alltag &#8211; damit auch f\u00fcr den Stra\u00dfenverkehr \u2013 werden. Die Welt, in der unsere Kinder aufwachsen, hat sich in den&hellip;","_links":{"self":[{"href":"https:\/\/www.verkehrswacht-wetteraukreis.de\/index.php?rest_route=\/wp\/v2\/pages\/107","targetHints":{"allow":["GET"]}}],"collection":[{"href":"https:\/\/www.verkehrswacht-wetteraukreis.de\/index.php?rest_route=\/wp\/v2\/pages"}],"about":[{"href":"https:\/\/www.verkehrswacht-wetteraukreis.de\/index.php?rest_route=\/wp\/v2\/types\/page"}],"author":[{"embeddable":true,"href":"https:\/\/www.verkehrswacht-wetteraukreis.de\/index.php?rest_route=\/wp\/v2\/users\/1"}],"replies":[{"embeddable":true,"href":"https:\/\/www.verkehrswacht-wetteraukreis.de\/index.php?rest_route=%2Fwp%2Fv2%2Fcomments&post=107"}],"version-history":[{"count":3,"href":"https:\/\/www.verkehrswacht-wetteraukreis.de\/index.php?rest_route=\/wp\/v2\/pages\/107\/revisions"}],"predecessor-version":[{"id":442,"href":"https:\/\/www.verkehrswacht-wetteraukreis.de\/index.php?rest_route=\/wp\/v2\/pages\/107\/revisions\/442"}],"wp:attachment":[{"href":"https:\/\/www.verkehrswacht-wetteraukreis.de\/index.php?rest_route=%2Fwp%2Fv2%2Fmedia&parent=107"}],"curies":[{"name":"wp","href":"https:\/\/api.w.org\/{rel}","templated":true}]}}