{"id":105,"date":"2018-05-21T14:35:24","date_gmt":"2018-05-21T12:35:24","guid":{"rendered":"https:\/\/wp.verkehrswacht-wetteraukreis.de\/?page_id=105"},"modified":"2020-11-17T06:52:38","modified_gmt":"2020-11-17T05:52:38","slug":"schulwegaktion-immer-sicher-unterwegs","status":"publish","type":"page","link":"https:\/\/www.verkehrswacht-wetteraukreis.de\/?page_id=105","title":{"rendered":"Schulwegaktion \u201eImmer sicher unterwegs&#8220;"},"content":{"rendered":"<p>Diese Aktion wird gemeinsam mit der Unfallkasse Hessen durchgef\u00fchrt. In der Regel geh\u00f6rt dazu ein Elternabend mit den Eltern der Kinder, die demn\u00e4chst zur Schule gehen werden. Dabei wird ein Trainingsweg vereinbart, der von allen Kindern mit den Eltern einzu\u00fcben ist, so dass je nach \u00f6rtlichen Gegebenheiten<\/p>\n<ul>\n<li>auf B\u00fcrgersteigen zu gehen ist,<\/li>\n<li>Wohnstra\u00dfen zu \u00fcberqueren sind<\/li>\n<li>auch Hauptstra\u00dfen z.B. an<\/li>\n<li>Zebrastreifen oder<\/li>\n<li>Ampeln zu \u00fcberqueren sind<\/li>\n<\/ul>\n<p>Anschlie\u00dfend gehen die Kinder an einem vereinbarten Termin alleine von der Kindertagesst\u00e4tte zur Schule. Die Gefahrstellen werden dabei von den Eltern abgesichert.<br>Zur Belohnung f\u00fcr die M\u00fche gibt es den \u201eWalli Wachsam\u201c.<\/p>\n\n\n<div class=\"wp-block-image\"><figure class=\"aligncenter size-large\"><img loading=\"lazy\" decoding=\"async\" width=\"200\" height=\"201\" src=\"https:\/\/www.verkehrswacht-wetteraukreis.de\/wp-content\/uploads\/2020\/11\/Walli.png\" alt=\"\" class=\"wp-image-396\" srcset=\"https:\/\/www.verkehrswacht-wetteraukreis.de\/wp-content\/uploads\/2020\/11\/Walli.png 200w, https:\/\/www.verkehrswacht-wetteraukreis.de\/wp-content\/uploads\/2020\/11\/Walli-150x150.png 150w, https:\/\/www.verkehrswacht-wetteraukreis.de\/wp-content\/uploads\/2020\/11\/Walli-100x100.png 100w\" sizes=\"auto, (max-width: 200px) 100vw, 200px\" \/><\/figure><\/div>\n","protected":false},"excerpt":{"rendered":"<p>Diese Aktion wird gemeinsam mit der Unfallkasse Hessen durchgef\u00fchrt. In der Regel geh\u00f6rt dazu ein Elternabend mit den Eltern der Kinder, die demn\u00e4chst zur Schule gehen werden. Dabei wird ein Trainingsweg vereinbart, der von allen Kindern mit den Eltern einzu\u00fcben ist, so dass je nach \u00f6rtlichen Gegebenheiten auf B\u00fcrgersteigen zu gehen ist, Wohnstra\u00dfen zu \u00fcberqueren &hellip; <\/p>\n<p class=\"link-more\"><a href=\"https:\/\/www.verkehrswacht-wetteraukreis.de\/?page_id=105\" class=\"more-link\"><span class=\"screen-reader-text\">\u201eSchulwegaktion \u201eImmer sicher unterwegs&#8220;\u201c <\/span>weiterlesen<\/a><\/p>\n","protected":false},"author":1,"featured_media":0,"parent":0,"menu_order":0,"comment_status":"closed","ping_status":"closed","template":"","meta":{"_uag_custom_page_level_css":"","footnotes":""},"class_list":["post-105","page","type-page","status-publish","hentry"],"uagb_featured_image_src":{"full":false,"thumbnail":false,"medium":false,"medium_large":false,"large":false,"1536x1536":false,"2048x2048":false,"twentyseventeen-featured-image":false,"twentyseventeen-thumbnail-avatar":false},"uagb_author_info":{"display_name":"tnielandt","author_link":"https:\/\/www.verkehrswacht-wetteraukreis.de\/?author=1"},"uagb_comment_info":0,"uagb_excerpt":"Diese Aktion wird gemeinsam mit der Unfallkasse Hessen durchgef\u00fchrt. In der Regel geh\u00f6rt dazu ein Elternabend mit den Eltern der Kinder, die demn\u00e4chst zur Schule gehen werden. Dabei wird ein Trainingsweg vereinbart, der von allen Kindern mit den Eltern einzu\u00fcben ist, so dass je nach \u00f6rtlichen Gegebenheiten auf B\u00fcrgersteigen zu gehen ist, Wohnstra\u00dfen zu \u00fcberqueren&hellip;","_links":{"self":[{"href":"https:\/\/www.verkehrswacht-wetteraukreis.de\/index.php?rest_route=\/wp\/v2\/pages\/105","targetHints":{"allow":["GET"]}}],"collection":[{"href":"https:\/\/www.verkehrswacht-wetteraukreis.de\/index.php?rest_route=\/wp\/v2\/pages"}],"about":[{"href":"https:\/\/www.verkehrswacht-wetteraukreis.de\/index.php?rest_route=\/wp\/v2\/types\/page"}],"author":[{"embeddable":true,"href":"https:\/\/www.verkehrswacht-wetteraukreis.de\/index.php?rest_route=\/wp\/v2\/users\/1"}],"replies":[{"embeddable":true,"href":"https:\/\/www.verkehrswacht-wetteraukreis.de\/index.php?rest_route=%2Fwp%2Fv2%2Fcomments&post=105"}],"version-history":[{"count":3,"href":"https:\/\/www.verkehrswacht-wetteraukreis.de\/index.php?rest_route=\/wp\/v2\/pages\/105\/revisions"}],"predecessor-version":[{"id":441,"href":"https:\/\/www.verkehrswacht-wetteraukreis.de\/index.php?rest_route=\/wp\/v2\/pages\/105\/revisions\/441"}],"wp:attachment":[{"href":"https:\/\/www.verkehrswacht-wetteraukreis.de\/index.php?rest_route=%2Fwp%2Fv2%2Fmedia&parent=105"}],"curies":[{"name":"wp","href":"https:\/\/api.w.org\/{rel}","templated":true}]}}