{"id":103,"date":"2018-05-21T14:34:15","date_gmt":"2018-05-21T12:34:15","guid":{"rendered":"https:\/\/wp.verkehrswacht-wetteraukreis.de\/?page_id=103"},"modified":"2020-11-17T06:51:57","modified_gmt":"2020-11-17T05:51:57","slug":"kinder-aktiv-im-strassenverkehr","status":"publish","type":"page","link":"https:\/\/www.verkehrswacht-wetteraukreis.de\/?page_id=103","title":{"rendered":"Kinder aktiv im Stra\u00dfenverkehr"},"content":{"rendered":"<p>\u00dcber die Aktion \u201eKind und Verkehr\u201c hinaus k\u00f6nnen Aktionstage \u201eKinder aktiv im Stra\u00dfenverkehr\u201c in den Kindertagesst\u00e4tten durchgef\u00fchrt werden. Dabei sind die Kinder selbst einbezogen.<\/p>\n<p>Die Kinder werden in kleinen Gruppen von Station zu Station gef\u00fchrt:<\/p>\n<ul>\n<li>Sehtest f\u00fcr Kinder<\/li>\n<li>Richtungsh\u00f6ren, Ger\u00e4uscheh\u00f6rtest<\/li>\n<li>Kinder-Gurtschlitten<\/li>\n<li>Roller-Parcour<\/li>\n<li>Allein \u00fcber die Stra\u00dfe<\/li>\n<li>Reaktionsspiel<\/li>\n<li>\u2026..und weitere sachbezogene Themen<\/li>\n<\/ul>\n<p>Dies schafft erste Sicherheit f\u00fcr die J\u00fcngsten im Stra\u00dfenverkehr.<\/p>\n<p>Kontaktieren Sie uns. Wir vermitteln die passenden Moderator:innen.<\/p>\n\n\n<figure class=\"wp-block-image size-large is-resized\"><img loading=\"lazy\" decoding=\"async\" src=\"https:\/\/www.verkehrswacht-wetteraukreis.de\/wp-content\/uploads\/2018\/05\/07_FSJH7639-Jugendlicher-Radfahrer-1024x683.jpg\" alt=\"\" class=\"wp-image-48\" width=\"468\" height=\"311\" srcset=\"https:\/\/www.verkehrswacht-wetteraukreis.de\/wp-content\/uploads\/2018\/05\/07_FSJH7639-Jugendlicher-Radfahrer-1024x683.jpg 1024w, https:\/\/www.verkehrswacht-wetteraukreis.de\/wp-content\/uploads\/2018\/05\/07_FSJH7639-Jugendlicher-Radfahrer-300x200.jpg 300w, https:\/\/www.verkehrswacht-wetteraukreis.de\/wp-content\/uploads\/2018\/05\/07_FSJH7639-Jugendlicher-Radfahrer-768x512.jpg 768w\" sizes=\"auto, (max-width: 468px) 100vw, 468px\" \/><\/figure>\n","protected":false},"excerpt":{"rendered":"<p>\u00dcber die Aktion \u201eKind und Verkehr\u201c hinaus k\u00f6nnen Aktionstage \u201eKinder aktiv im Stra\u00dfenverkehr\u201c in den Kindertagesst\u00e4tten durchgef\u00fchrt werden. Dabei sind die Kinder selbst einbezogen. Die Kinder werden in kleinen Gruppen von Station zu Station gef\u00fchrt: Sehtest f\u00fcr Kinder Richtungsh\u00f6ren, Ger\u00e4uscheh\u00f6rtest Kinder-Gurtschlitten Roller-Parcour Allein \u00fcber die Stra\u00dfe Reaktionsspiel \u2026..und weitere sachbezogene Themen Dies schafft erste Sicherheit &hellip; <\/p>\n<p class=\"link-more\"><a href=\"https:\/\/www.verkehrswacht-wetteraukreis.de\/?page_id=103\" class=\"more-link\"><span class=\"screen-reader-text\">\u201eKinder aktiv im Stra\u00dfenverkehr\u201c <\/span>weiterlesen<\/a><\/p>\n","protected":false},"author":1,"featured_media":0,"parent":0,"menu_order":0,"comment_status":"closed","ping_status":"closed","template":"","meta":{"_uag_custom_page_level_css":"","footnotes":""},"class_list":["post-103","page","type-page","status-publish","hentry"],"uagb_featured_image_src":{"full":false,"thumbnail":false,"medium":false,"medium_large":false,"large":false,"1536x1536":false,"2048x2048":false,"twentyseventeen-featured-image":false,"twentyseventeen-thumbnail-avatar":false},"uagb_author_info":{"display_name":"tnielandt","author_link":"https:\/\/www.verkehrswacht-wetteraukreis.de\/?author=1"},"uagb_comment_info":0,"uagb_excerpt":"\u00dcber die Aktion \u201eKind und Verkehr\u201c hinaus k\u00f6nnen Aktionstage \u201eKinder aktiv im Stra\u00dfenverkehr\u201c in den Kindertagesst\u00e4tten durchgef\u00fchrt werden. Dabei sind die Kinder selbst einbezogen. Die Kinder werden in kleinen Gruppen von Station zu Station gef\u00fchrt: Sehtest f\u00fcr Kinder Richtungsh\u00f6ren, Ger\u00e4uscheh\u00f6rtest Kinder-Gurtschlitten Roller-Parcour Allein \u00fcber die Stra\u00dfe Reaktionsspiel \u2026..und weitere sachbezogene Themen Dies schafft erste Sicherheit&hellip;","_links":{"self":[{"href":"https:\/\/www.verkehrswacht-wetteraukreis.de\/index.php?rest_route=\/wp\/v2\/pages\/103","targetHints":{"allow":["GET"]}}],"collection":[{"href":"https:\/\/www.verkehrswacht-wetteraukreis.de\/index.php?rest_route=\/wp\/v2\/pages"}],"about":[{"href":"https:\/\/www.verkehrswacht-wetteraukreis.de\/index.php?rest_route=\/wp\/v2\/types\/page"}],"author":[{"embeddable":true,"href":"https:\/\/www.verkehrswacht-wetteraukreis.de\/index.php?rest_route=\/wp\/v2\/users\/1"}],"replies":[{"embeddable":true,"href":"https:\/\/www.verkehrswacht-wetteraukreis.de\/index.php?rest_route=%2Fwp%2Fv2%2Fcomments&post=103"}],"version-history":[{"count":3,"href":"https:\/\/www.verkehrswacht-wetteraukreis.de\/index.php?rest_route=\/wp\/v2\/pages\/103\/revisions"}],"predecessor-version":[{"id":440,"href":"https:\/\/www.verkehrswacht-wetteraukreis.de\/index.php?rest_route=\/wp\/v2\/pages\/103\/revisions\/440"}],"wp:attachment":[{"href":"https:\/\/www.verkehrswacht-wetteraukreis.de\/index.php?rest_route=%2Fwp%2Fv2%2Fmedia&parent=103"}],"curies":[{"name":"wp","href":"https:\/\/api.w.org\/{rel}","templated":true}]}}